{"id":1082,"date":"2025-10-13T13:03:18","date_gmt":"2025-10-13T11:03:18","guid":{"rendered":"https:\/\/mlamotte.webeller.fr\/produit\/schaumstopper\/"},"modified":"2026-01-08T17:02:42","modified_gmt":"2026-01-08T16:02:42","slug":"schaumstopper","status":"publish","type":"product","link":"https:\/\/poussemousse.fr\/de\/produit\/schaumstopper\/","title":{"rendered":"Pousse Mousse"},"content":{"rendered":"<p>ES VERHINDERT DIE SCHAUMBILDUNG, BEVOR SIE DAS BIERGLAS ERREICHT<\/p>\n<h2>Das Pousse Mousse \u00a9 System erm\u00f6glicht es Ihnen, Geld zu sparen, indem Bierverluste reduziert werden. Mit mindestens 5 % eingespartem Bier amortisiert sich die Installation sehr schnell.<\/h2>\n<p><em>Einfache Installation<br \/>\n<\/em><\/p>\n<p>Der Pousse Mousse wird direkt zwischen dem Ende der Bierleitung und dem Zapfkopf angeschlossen. Es gen\u00fcgt, den Zapfkopf mit einem Schraubenschl\u00fcssel abzuschrauben und den PM dazwischen einzusetzen.<\/p>\n<p><em>Warum mindestens 5 %?<\/em><br \/>\nDiese Sch\u00e4tzung ber\u00fccksichtigt mehrere festgelegte Parameter:<br \/>\n\u2013 Sie arbeiten mit 30-Liter-F\u00e4ssern: Bei kleineren Fassgr\u00f6\u00dfen sind die Einsparungen h\u00f6her, da der Fasswechsel h\u00e4ufiger erfolgt.<br \/>\n\u2013 Ihre Bierleitung ist 7,5 Meter lang (kurze Leitung). Betr\u00e4gt sie beispielsweise 15 Meter, verdoppeln sich Ihre Einsparungen!<br \/>\n\u2013 Das Glas war leer, als das Fass leer wurde, sodass bereits gezapftes Bier nicht verschwendet wird.<\/p>\n<p><em>1 Jahr Garantie<br \/>\n<\/em>Die Herstellung aus Edelstahl verleiht dem Pousse Mousse \u00a9 eine au\u00dfergew\u00f6hnliche Robustheit sowie eine besonders einfache Reinigung und Wartung.<em><br \/>\n<\/em><\/p>\n<p><em>Einwandfreie Hygiene<br \/>\n<\/em>Im Gegensatz zu anderen Systemen, die h\u00e4ufig mit Kassensystemen verbunden sind (und sehr teuer sind), wird der Pousse Mousse \u00a9 direkt am Zapfkopf installiert. Der Schaum wird sofort gestoppt, was zahlreiche Vorteile bietet: weniger Verluste, keine Schmutzansammlungen, einfache Wartung und m\u00fchelose Reinigung.<\/p>\n<p>Warten Sie nicht l\u00e4nger und stoppen Sie die Bierverschwendung \u2013 und damit den Geldverlust!<\/p>\n","protected":false},"excerpt":{"rendered":"<p>Das Pousse Mousse \u00a9 System erm\u00f6glicht es Ihnen, Geld zu sparen, indem Sie Bier einsparen.<\/p>\n","protected":false},"featured_media":1080,"comment_status":"open","ping_status":"closed","template":"","meta":[],"product_brand":[],"product_cat":[],"product_tag":[],"class_list":{"0":"post-1082","1":"product","2":"type-product","3":"status-publish","4":"has-post-thumbnail","7":"first","8":"instock","9":"taxable","10":"shipping-taxable","11":"purchasable","12":"product-type-simple"},"_links":{"self":[{"href":"https:\/\/poussemousse.fr\/de\/wp-json\/wp\/v2\/product\/1082","targetHints":{"allow":["GET"]}}],"collection":[{"href":"https:\/\/poussemousse.fr\/de\/wp-json\/wp\/v2\/product"}],"about":[{"href":"https:\/\/poussemousse.fr\/de\/wp-json\/wp\/v2\/types\/product"}],"replies":[{"embeddable":true,"href":"https:\/\/poussemousse.fr\/de\/wp-json\/wp\/v2\/comments?post=1082"}],"wp:featuredmedia":[{"embeddable":true,"href":"https:\/\/poussemousse.fr\/de\/wp-json\/wp\/v2\/media\/1080"}],"wp:attachment":[{"href":"https:\/\/poussemousse.fr\/de\/wp-json\/wp\/v2\/media?parent=1082"}],"wp:term":[{"taxonomy":"product_brand","embeddable":true,"href":"https:\/\/poussemousse.fr\/de\/wp-json\/wp\/v2\/product_brand?post=1082"},{"taxonomy":"product_cat","embeddable":true,"href":"https:\/\/poussemousse.fr\/de\/wp-json\/wp\/v2\/product_cat?post=1082"},{"taxonomy":"product_tag","embeddable":true,"href":"https:\/\/poussemousse.fr\/de\/wp-json\/wp\/v2\/product_tag?post=1082"}],"curies":[{"name":"wp","href":"https:\/\/api.w.org\/{rel}","templated":true}]}}