{"id":1165,"date":"2025-12-23T19:27:43","date_gmt":"2025-12-23T18:27:43","guid":{"rendered":"https:\/\/mlamotte.webeller.fr\/allgemeine-nutzungsbedingungen\/"},"modified":"2025-12-26T15:11:25","modified_gmt":"2025-12-26T14:11:25","slug":"allgemeine-nutzungsbedingungen","status":"publish","type":"page","link":"https:\/\/poussemousse.fr\/de\/allgemeine-nutzungsbedingungen\/","title":{"rendered":"Allgemeine Nutzungsbedingungen"},"content":{"rendered":"<style>.kb-row-layout-id1138_9516bc-ab > .kt-row-column-wrap{align-content:end;}:where(.kb-row-layout-id1138_9516bc-ab > .kt-row-column-wrap) > .wp-block-kadence-column{justify-content:end;}.kb-row-layout-id1138_9516bc-ab > .kt-row-column-wrap{column-gap:var(--global-kb-gap-md, 2rem);row-gap:var(--global-kb-gap-md, 2rem);max-width:1290px;padding-bottom:5vh;grid-template-columns:minmax(0, 1fr);}.kb-row-layout-id1138_9516bc-ab{background-image:url('http:\/\/poussemousse.fr\/wp-content\/uploads\/2025\/10\/image.png');background-size:cover;background-position:center center;background-attachment:scroll;background-repeat:no-repeat;}.kb-row-layout-id1138_9516bc-ab > .kt-row-layout-overlay{opacity:0.30;background-color:#000000;}@media all and (max-width: 1024px){.kb-row-layout-id1138_9516bc-ab > .kt-row-column-wrap{grid-template-columns:minmax(0, 1fr);}}@media all and (max-width: 767px){.kb-row-layout-id1138_9516bc-ab > .kt-row-column-wrap{padding-bottom:2vh;grid-template-columns:minmax(0, 1fr);}}<\/style><div class=\"kb-row-layout-wrap kb-row-layout-id1138_9516bc-ab alignfull kt-row-has-bg heroP2 wp-block-kadence-rowlayout\"><div class=\"kt-row-layout-overlay kt-row-overlay-normal\"><\/div><div class=\"kt-row-column-wrap kt-has-1-columns kt-row-layout-equal kt-tab-layout-inherit kt-mobile-layout-row kt-row-valign-bottom kb-theme-content-width\">\n<style>.kadence-column1138_a2d39c-b1 > .kt-inside-inner-col{display:flex;}.kadence-column1138_a2d39c-b1 > .kt-inside-inner-col,.kadence-column1138_a2d39c-b1 > .kt-inside-inner-col:before{border-top-left-radius:0px;border-top-right-radius:0px;border-bottom-right-radius:0px;border-bottom-left-radius:0px;}.kadence-column1138_a2d39c-b1 > .kt-inside-inner-col{row-gap:var(--global-kb-gap-none, 0rem );column-gap:var(--global-kb-gap-sm, 1rem);}.kadence-column1138_a2d39c-b1 > .kt-inside-inner-col{flex-direction:column;}.kadence-column1138_a2d39c-b1 > .kt-inside-inner-col > .aligncenter{width:100%;}.kadence-column1138_a2d39c-b1 > .kt-inside-inner-col:before{opacity:0.3;}.kadence-column1138_a2d39c-b1{position:relative;}@media all and (max-width: 1024px){.kadence-column1138_a2d39c-b1 > .kt-inside-inner-col{flex-direction:column;justify-content:center;}}@media all and (max-width: 767px){.kadence-column1138_a2d39c-b1 > .kt-inside-inner-col{flex-direction:column;justify-content:center;}}<\/style>\n<div class=\"wp-block-kadence-column kadence-column1138_a2d39c-b1\"><div class=\"kt-inside-inner-col\"><style>.wp-block-kadence-advancedheading.kt-adv-heading1138_8637cb-4d, .wp-block-kadence-advancedheading.kt-adv-heading1138_8637cb-4d[data-kb-block=\"kb-adv-heading1138_8637cb-4d\"]{font-size:36px;font-style:normal;}.wp-block-kadence-advancedheading.kt-adv-heading1138_8637cb-4d mark.kt-highlight, .wp-block-kadence-advancedheading.kt-adv-heading1138_8637cb-4d[data-kb-block=\"kb-adv-heading1138_8637cb-4d\"] mark.kt-highlight{font-style:normal;color:#f76a0c;-webkit-box-decoration-break:clone;box-decoration-break:clone;padding-top:0px;padding-right:0px;padding-bottom:0px;padding-left:0px;}.wp-block-kadence-advancedheading.kt-adv-heading1138_8637cb-4d img.kb-inline-image, .wp-block-kadence-advancedheading.kt-adv-heading1138_8637cb-4d[data-kb-block=\"kb-adv-heading1138_8637cb-4d\"] img.kb-inline-image{width:150px;vertical-align:baseline;}@media all and (max-width: 1024px){.wp-block-kadence-advancedheading.kt-adv-heading1138_8637cb-4d, .wp-block-kadence-advancedheading.kt-adv-heading1138_8637cb-4d[data-kb-block=\"kb-adv-heading1138_8637cb-4d\"]{font-size:30px;}}@media all and (max-width: 767px){.wp-block-kadence-advancedheading.kt-adv-heading1138_8637cb-4d, .wp-block-kadence-advancedheading.kt-adv-heading1138_8637cb-4d[data-kb-block=\"kb-adv-heading1138_8637cb-4d\"]{font-size:26px;}}<\/style>\n<h1 class=\"kt-adv-heading1138_8637cb-4d wp-block-kadence-advancedheading has-palette-color-8-color has-text-color\" data-kb-block=\"kb-adv-heading1138_8637cb-4d\">Rechtliche Hinweise \u2013 Nutzung der Website<\/h1>\n\n\n<style>.wp-block-kadence-advancedheading.kt-adv-heading1138_4be8da-59, .wp-block-kadence-advancedheading.kt-adv-heading1138_4be8da-59[data-kb-block=\"kb-adv-heading1138_4be8da-59\"]{font-size:26px;font-style:normal;}.wp-block-kadence-advancedheading.kt-adv-heading1138_4be8da-59 mark.kt-highlight, .wp-block-kadence-advancedheading.kt-adv-heading1138_4be8da-59[data-kb-block=\"kb-adv-heading1138_4be8da-59\"] mark.kt-highlight{font-style:normal;color:#f76a0c;-webkit-box-decoration-break:clone;box-decoration-break:clone;padding-top:0px;padding-right:0px;padding-bottom:0px;padding-left:0px;}.wp-block-kadence-advancedheading.kt-adv-heading1138_4be8da-59 img.kb-inline-image, .wp-block-kadence-advancedheading.kt-adv-heading1138_4be8da-59[data-kb-block=\"kb-adv-heading1138_4be8da-59\"] img.kb-inline-image{width:150px;vertical-align:baseline;}@media all and (max-width: 1024px){.wp-block-kadence-advancedheading.kt-adv-heading1138_4be8da-59, .wp-block-kadence-advancedheading.kt-adv-heading1138_4be8da-59[data-kb-block=\"kb-adv-heading1138_4be8da-59\"]{font-size:24px;}}@media all and (max-width: 767px){.wp-block-kadence-advancedheading.kt-adv-heading1138_4be8da-59, .wp-block-kadence-advancedheading.kt-adv-heading1138_4be8da-59[data-kb-block=\"kb-adv-heading1138_4be8da-59\"]{font-size:20px;}}<\/style>\n<h2 class=\"kt-adv-heading1138_4be8da-59 wp-block-kadence-advancedheading has-palette-color-4-color has-text-color\" data-kb-block=\"kb-adv-heading1138_4be8da-59\">Allgemeine Nutzungsbedingungen<\/h2>\n<\/div><\/div>\n\n<\/div><\/div>\n<p>Die Website stellt ein geistiges Werk dar, das durch die Bestimmungen des franz\u00f6sischen Gesetzes \u00fcber geistiges Eigentum sowie durch die geltenden internationalen Regelungen gesch\u00fctzt ist. Der Nutzer ist in keiner Weise berechtigt, alle oder Teile der auf der Website enthaltenen Elemente oder Werke f\u00fcr eigene Zwecke zu vervielf\u00e4ltigen, zu \u00fcbertragen oder zu verwerten.<\/p>\n\n<p>Die Nutzung der Website poussemousse.fr setzt die vollst\u00e4ndige und uneingeschr\u00e4nkte Zustimmung zu diesen allgemeinen Nutzungsbedingungen voraus. Diese k\u00f6nnen jederzeit ge\u00e4ndert oder erg\u00e4nzt werden. Die Nutzer werden daher gebeten, sie regelm\u00e4\u00dfig zu konsultieren.<\/p>\n\n<p>Die Website poussemousse.fr wird regelm\u00e4\u00dfig von Pousse Mousse Compagnie SAS aktualisiert, die f\u00fcr deren Inhalte verantwortlich ist. Auch die rechtlichen Hinweise k\u00f6nnen jederzeit ge\u00e4ndert werden; sie sind f\u00fcr den Nutzer dennoch verbindlich, der angehalten ist, sie regelm\u00e4\u00dfig zur Kenntnis zu nehmen.<\/p>\n\n<p>BESCHREIBUNG DER BEREITGESTELLTEN DIENSTLEISTUNGEN<\/p>\n\n<p>Zweck der Website poussemousse.fr ist es, Informationen \u00fcber s\u00e4mtliche T\u00e4tigkeiten des Unternehmens bereitzustellen. Pousse Mousse Compagnie SAS \u00fcbernimmt jedoch keine Haftung f\u00fcr Auslassungen, Unrichtigkeiten oder mangelnde Aktualisierungen, unabh\u00e4ngig davon, ob diese durch sie selbst oder durch Drittpartner verursacht wurden, die entsprechende Informationen bereitstellen.<\/p>\n\n<p>Alle auf der Website poussemousse.fr angegebenen Informationen dienen ausschlie\u00dflich allgemeinen Informationszwecken und k\u00f6nnen jederzeit ge\u00e4ndert werden. Dar\u00fcber hinaus sind die auf der Website enthaltenen Informationen nicht vollst\u00e4ndig.<\/p>\n\n<p>ANWENDBARES RECHT UND GERICHTSSTAND<\/p>\n\n<p>Alle Streitigkeiten im Zusammenhang mit der Nutzung der Website poussemousse.fr unterliegen dem franz\u00f6sischen Recht. Soweit gesetzlich zul\u00e4ssig, wird die ausschlie\u00dfliche Zust\u00e4ndigkeit den zust\u00e4ndigen Gerichten zugewiesen.<\/p>\n","protected":false},"excerpt":{"rendered":"<p>Rechtliche Hinweise \u2013 Nutzung der Website Allgemeine Nutzungsbedingungen Die Website stellt ein geistiges Werk dar, das durch die Bestimmungen des franz\u00f6sischen Gesetzes \u00fcber geistiges Eigentum sowie durch die geltenden internationalen Regelungen gesch\u00fctzt ist. Der Nutzer ist in keiner Weise berechtigt, alle oder Teile der auf der Website enthaltenen Elemente oder Werke f\u00fcr eigene Zwecke zu [&hellip;]<\/p>\n","protected":false},"author":1,"featured_media":0,"parent":0,"menu_order":0,"comment_status":"closed","ping_status":"closed","template":"","meta":{"footnotes":""},"class_list":["post-1165","page","type-page","status-publish","hentry"],"blocksy_meta":[],"_links":{"self":[{"href":"https:\/\/poussemousse.fr\/de\/wp-json\/wp\/v2\/pages\/1165","targetHints":{"allow":["GET"]}}],"collection":[{"href":"https:\/\/poussemousse.fr\/de\/wp-json\/wp\/v2\/pages"}],"about":[{"href":"https:\/\/poussemousse.fr\/de\/wp-json\/wp\/v2\/types\/page"}],"author":[{"embeddable":true,"href":"https:\/\/poussemousse.fr\/de\/wp-json\/wp\/v2\/users\/1"}],"replies":[{"embeddable":true,"href":"https:\/\/poussemousse.fr\/de\/wp-json\/wp\/v2\/comments?post=1165"}],"version-history":[{"count":3,"href":"https:\/\/poussemousse.fr\/de\/wp-json\/wp\/v2\/pages\/1165\/revisions"}],"predecessor-version":[{"id":1168,"href":"https:\/\/poussemousse.fr\/de\/wp-json\/wp\/v2\/pages\/1165\/revisions\/1168"}],"wp:attachment":[{"href":"https:\/\/poussemousse.fr\/de\/wp-json\/wp\/v2\/media?parent=1165"}],"curies":[{"name":"wp","href":"https:\/\/api.w.org\/{rel}","templated":true}]}}