{"id":1135,"date":"2025-09-17T17:29:08","date_gmt":"2025-09-17T15:29:08","guid":{"rendered":"https:\/\/mlamotte.webeller.fr\/datenschutzerklaerung\/"},"modified":"2025-12-30T14:19:31","modified_gmt":"2025-12-30T13:19:31","slug":"datenschutzerklaerung","status":"publish","type":"page","link":"https:\/\/poussemousse.fr\/de\/datenschutzerklaerung\/","title":{"rendered":"Datenschutzerkl\u00e4rung"},"content":{"rendered":"<style>.kb-row-layout-id3_ff2f4a-03 > .kt-row-column-wrap{align-content:end;}:where(.kb-row-layout-id3_ff2f4a-03 > .kt-row-column-wrap) > .wp-block-kadence-column{justify-content:end;}.kb-row-layout-id3_ff2f4a-03 > .kt-row-column-wrap{column-gap:var(--global-kb-gap-md, 2rem);row-gap:var(--global-kb-gap-md, 2rem);max-width:1290px;padding-bottom:5vh;grid-template-columns:minmax(0, 1fr);}.kb-row-layout-id3_ff2f4a-03{background-image:url('http:\/\/poussemousse.fr\/wp-content\/uploads\/2025\/10\/image.png');background-size:cover;background-position:center center;background-attachment:scroll;background-repeat:no-repeat;}.kb-row-layout-id3_ff2f4a-03 > .kt-row-layout-overlay{opacity:0.30;background-color:#000000;}@media all and (max-width: 1024px){.kb-row-layout-id3_ff2f4a-03 > .kt-row-column-wrap{grid-template-columns:minmax(0, 1fr);}}@media all and (max-width: 767px){.kb-row-layout-id3_ff2f4a-03 > .kt-row-column-wrap{padding-bottom:2vh;grid-template-columns:minmax(0, 1fr);}}<\/style><div class=\"kb-row-layout-wrap kb-row-layout-id3_ff2f4a-03 alignfull kt-row-has-bg heroP2 wp-block-kadence-rowlayout\"><div class=\"kt-row-layout-overlay kt-row-overlay-normal\"><\/div><div class=\"kt-row-column-wrap kt-has-1-columns kt-row-layout-equal kt-tab-layout-inherit kt-mobile-layout-row kt-row-valign-bottom kb-theme-content-width\">\n<style>.kadence-column3_cb4860-9a > .kt-inside-inner-col{display:flex;}.kadence-column3_cb4860-9a > .kt-inside-inner-col,.kadence-column3_cb4860-9a > .kt-inside-inner-col:before{border-top-left-radius:0px;border-top-right-radius:0px;border-bottom-right-radius:0px;border-bottom-left-radius:0px;}.kadence-column3_cb4860-9a > .kt-inside-inner-col{row-gap:var(--global-kb-gap-none, 0rem );column-gap:var(--global-kb-gap-sm, 1rem);}.kadence-column3_cb4860-9a > .kt-inside-inner-col{flex-direction:column;}.kadence-column3_cb4860-9a > .kt-inside-inner-col > .aligncenter{width:100%;}.kadence-column3_cb4860-9a > .kt-inside-inner-col:before{opacity:0.3;}.kadence-column3_cb4860-9a{position:relative;}@media all and (max-width: 1024px){.kadence-column3_cb4860-9a > .kt-inside-inner-col{flex-direction:column;justify-content:center;}}@media all and (max-width: 767px){.kadence-column3_cb4860-9a > .kt-inside-inner-col{flex-direction:column;justify-content:center;}}<\/style>\n<div class=\"wp-block-kadence-column kadence-column3_cb4860-9a\"><div class=\"kt-inside-inner-col\"><style>.wp-block-kadence-advancedheading.kt-adv-heading3_129467-30, .wp-block-kadence-advancedheading.kt-adv-heading3_129467-30[data-kb-block=\"kb-adv-heading3_129467-30\"]{font-size:36px;font-style:normal;}.wp-block-kadence-advancedheading.kt-adv-heading3_129467-30 mark.kt-highlight, .wp-block-kadence-advancedheading.kt-adv-heading3_129467-30[data-kb-block=\"kb-adv-heading3_129467-30\"] mark.kt-highlight{font-style:normal;color:#f76a0c;-webkit-box-decoration-break:clone;box-decoration-break:clone;padding-top:0px;padding-right:0px;padding-bottom:0px;padding-left:0px;}.wp-block-kadence-advancedheading.kt-adv-heading3_129467-30 img.kb-inline-image, .wp-block-kadence-advancedheading.kt-adv-heading3_129467-30[data-kb-block=\"kb-adv-heading3_129467-30\"] img.kb-inline-image{width:150px;vertical-align:baseline;}@media all and (max-width: 1024px){.wp-block-kadence-advancedheading.kt-adv-heading3_129467-30, .wp-block-kadence-advancedheading.kt-adv-heading3_129467-30[data-kb-block=\"kb-adv-heading3_129467-30\"]{font-size:30px;}}@media all and (max-width: 767px){.wp-block-kadence-advancedheading.kt-adv-heading3_129467-30, .wp-block-kadence-advancedheading.kt-adv-heading3_129467-30[data-kb-block=\"kb-adv-heading3_129467-30\"]{font-size:26px;}}<\/style>\n<h1 class=\"kt-adv-heading3_129467-30 wp-block-kadence-advancedheading has-palette-color-8-color has-text-color\" data-kb-block=\"kb-adv-heading3_129467-30\">Datenschutzerkl\u00e4rung<\/h1>\n<\/div><\/div>\n\n<\/div><\/div>\n<p>Pousse Mousse Compagnie SAS gew\u00e4hrleistet den Schutz und die Vertraulichkeit aller personenbezogenen Daten, die uns von unseren Gesch\u00e4ftskunden zur Verf\u00fcgung gestellt werden, gem\u00e4\u00df der Datenschutz-Grundverordnung (DSGVO).<\/p>\n\n<p>Alle Daten, die Pousse Mousse Compagnie SAS von ihren Gesch\u00e4ftskunden oder deren Mitarbeitern bereitgestellt werden, werden in eine automatisierte Datei mit personenbezogenen Daten aufgenommen, die unter der Verantwortung von Pousse Mousse Compagnie SAS erstellt und verwaltet wird. Diese Verarbeitung ist erforderlich, um die von den Nutzern angeforderten Dienstleistungen zu erbringen.<\/p>\n\n<p>Die bereitgestellten Daten werden gem\u00e4\u00df der Datenschutz-Grundverordnung verwendet. Zu diesem Zweck hat Pousse Mousse Compagnie SAS die gesetzlich vorgeschriebenen Schutzma\u00dfnahmen ergriffen und setzt alle notwendigen technischen und organisatorischen Ma\u00dfnahmen ein, um Datenverlust, Missbrauch, Ver\u00e4nderung oder unbefugten Zugriff durch Dritte zu verhindern. Der Nutzer wird jedoch darauf hingewiesen, dass Sicherheitsma\u00dfnahmen im Internet nicht vollkommen sicher sind. Im Falle der Weitergabe personenbezogener Daten an andere Unternehmen wird der Nutzer ausdr\u00fccklich \u00fcber die betreffenden Daten, den Zweck der Datenverarbeitung sowie den Namen und die Anschrift des beauftragten Unternehmens informiert, damit er seine eindeutige und informierte Einwilligung erteilen kann.<\/p>\n\n<p>Gem\u00e4\u00df den Bestimmungen der Datenschutz-Grundverordnung kann der Nutzer seine Rechte auf Auskunft, Berichtigung, L\u00f6schung, Widerspruch, Einschr\u00e4nkung der Verarbeitung oder Daten\u00fcbertragbarkeit aus\u00fcben. Zu diesem Zweck kann er uns per E-Mail unter achats@poussemousse.fr oder per Post unter folgender Adresse kontaktieren:<br\/>Pousse Mousse Compagnie SAS, 32 rue du Gazon, 67200 Strasbourg, Frankreich.<\/p>\n","protected":false},"excerpt":{"rendered":"<p>Datenschutzerkl\u00e4rung Pousse Mousse Compagnie SAS gew\u00e4hrleistet den Schutz und die Vertraulichkeit aller personenbezogenen Daten, die uns von unseren Gesch\u00e4ftskunden zur Verf\u00fcgung gestellt werden, gem\u00e4\u00df der Datenschutz-Grundverordnung (DSGVO). Alle Daten, die Pousse Mousse Compagnie SAS von ihren Gesch\u00e4ftskunden oder deren Mitarbeitern bereitgestellt werden, werden in eine automatisierte Datei mit personenbezogenen Daten aufgenommen, die unter der Verantwortung [&hellip;]<\/p>\n","protected":false},"author":1,"featured_media":0,"parent":0,"menu_order":0,"comment_status":"closed","ping_status":"open","template":"","meta":{"footnotes":""},"class_list":["post-1135","page","type-page","status-publish","hentry"],"blocksy_meta":[],"_links":{"self":[{"href":"https:\/\/poussemousse.fr\/de\/wp-json\/wp\/v2\/pages\/1135","targetHints":{"allow":["GET"]}}],"collection":[{"href":"https:\/\/poussemousse.fr\/de\/wp-json\/wp\/v2\/pages"}],"about":[{"href":"https:\/\/poussemousse.fr\/de\/wp-json\/wp\/v2\/types\/page"}],"author":[{"embeddable":true,"href":"https:\/\/poussemousse.fr\/de\/wp-json\/wp\/v2\/users\/1"}],"replies":[{"embeddable":true,"href":"https:\/\/poussemousse.fr\/de\/wp-json\/wp\/v2\/comments?post=1135"}],"version-history":[{"count":2,"href":"https:\/\/poussemousse.fr\/de\/wp-json\/wp\/v2\/pages\/1135\/revisions"}],"predecessor-version":[{"id":1184,"href":"https:\/\/poussemousse.fr\/de\/wp-json\/wp\/v2\/pages\/1135\/revisions\/1184"}],"wp:attachment":[{"href":"https:\/\/poussemousse.fr\/de\/wp-json\/wp\/v2\/media?parent=1135"}],"curies":[{"name":"wp","href":"https:\/\/api.w.org\/{rel}","templated":true}]}}