{"id":1003,"date":"2025-10-10T11:24:11","date_gmt":"2025-10-10T09:24:11","guid":{"rendered":"https:\/\/mlamotte.webeller.fr\/kontakt\/"},"modified":"2025-12-19T16:51:19","modified_gmt":"2025-12-19T15:51:19","slug":"kontakt","status":"publish","type":"page","link":"https:\/\/poussemousse.fr\/de\/kontakt\/","title":{"rendered":"Kontakt"},"content":{"rendered":"<style>.kb-row-layout-id1003_490b34-87 > .kt-row-column-wrap{align-content:start;}:where(.kb-row-layout-id1003_490b34-87 > .kt-row-column-wrap) > .wp-block-kadence-column{justify-content:start;}.kb-row-layout-id1003_490b34-87 > .kt-row-column-wrap{column-gap:var(--global-kb-gap-md, 2rem);row-gap:var(--global-kb-gap-md, 2rem);padding-top:var(--global-kb-spacing-sm, 1.5rem);padding-right:0px;padding-bottom:var(--global-kb-spacing-sm, 1.5rem);padding-left:0px;grid-template-columns:minmax(0, 1fr);}.kb-row-layout-id1003_490b34-87{background-image:url('http:\/\/poussemousse.fr\/wp-content\/uploads\/2025\/10\/image.png');background-size:cover;background-position:center center;background-attachment:scroll;background-repeat:no-repeat;}.kb-row-layout-id1003_490b34-87 > .kt-row-layout-overlay{opacity:0.30;background-color:var(--theme-palette-color-5, #111111);}@media all and (max-width: 1024px){.kb-row-layout-id1003_490b34-87 > .kt-row-column-wrap{grid-template-columns:minmax(0, 1fr);}}@media all and (max-width: 767px){.kb-row-layout-id1003_490b34-87 > .kt-row-column-wrap{grid-template-columns:minmax(0, 1fr);}}<\/style><div class=\"kb-row-layout-wrap kb-row-layout-id1003_490b34-87 alignfull kt-row-has-bg heroP2 wp-block-kadence-rowlayout\"><div class=\"kt-row-layout-overlay kt-row-overlay-normal\"><\/div><div class=\"kt-row-column-wrap kt-has-1-columns kt-row-layout-equal kt-tab-layout-inherit kt-mobile-layout-row kt-row-valign-top\">\n<style>.kadence-column1003_1f9a61-64 > .kt-inside-inner-col,.kadence-column1003_1f9a61-64 > .kt-inside-inner-col:before{border-top-left-radius:0px;border-top-right-radius:0px;border-bottom-right-radius:0px;border-bottom-left-radius:0px;}.kadence-column1003_1f9a61-64 > .kt-inside-inner-col{column-gap:var(--global-kb-gap-sm, 1rem);}.kadence-column1003_1f9a61-64 > .kt-inside-inner-col{flex-direction:column;}.kadence-column1003_1f9a61-64 > .kt-inside-inner-col > .aligncenter{width:100%;}.kadence-column1003_1f9a61-64 > .kt-inside-inner-col:before{opacity:0.3;}.kadence-column1003_1f9a61-64{position:relative;}@media all and (max-width: 1024px){.kadence-column1003_1f9a61-64 > .kt-inside-inner-col{flex-direction:column;justify-content:center;}}@media all and (max-width: 767px){.kadence-column1003_1f9a61-64 > .kt-inside-inner-col{flex-direction:column;justify-content:center;}}<\/style>\n<div class=\"wp-block-kadence-column kadence-column1003_1f9a61-64\"><div class=\"kt-inside-inner-col\"><style>.wp-block-kadence-advancedheading.kt-adv-heading1003_dd7566-f2, .wp-block-kadence-advancedheading.kt-adv-heading1003_dd7566-f2[data-kb-block=\"kb-adv-heading1003_dd7566-f2\"]{margin-right:var(--global-kb-spacing-auto, auto);margin-left:var(--global-kb-spacing-auto, auto);text-align:left;font-style:normal;}.wp-block-kadence-advancedheading.kt-adv-heading1003_dd7566-f2 mark.kt-highlight, .wp-block-kadence-advancedheading.kt-adv-heading1003_dd7566-f2[data-kb-block=\"kb-adv-heading1003_dd7566-f2\"] mark.kt-highlight{font-style:normal;color:#f76a0c;-webkit-box-decoration-break:clone;box-decoration-break:clone;padding-top:0px;padding-right:0px;padding-bottom:0px;padding-left:0px;}.wp-block-kadence-advancedheading.kt-adv-heading1003_dd7566-f2 img.kb-inline-image, .wp-block-kadence-advancedheading.kt-adv-heading1003_dd7566-f2[data-kb-block=\"kb-adv-heading1003_dd7566-f2\"] img.kb-inline-image{width:150px;vertical-align:baseline;}<\/style>\n<h1 class=\"kt-adv-heading1003_dd7566-f2 wp-block-kadence-advancedheading has-palette-color-4-color has-text-color\" data-kb-block=\"kb-adv-heading1003_dd7566-f2\">Die Pousse Mousse-Technologie<\/h1>\n\n\n<style>.wp-block-kadence-advancedheading.kt-adv-heading1003_3d1eb4-5c, .wp-block-kadence-advancedheading.kt-adv-heading1003_3d1eb4-5c[data-kb-block=\"kb-adv-heading1003_3d1eb4-5c\"]{text-align:left;font-style:normal;color:#ffffff;}.wp-block-kadence-advancedheading.kt-adv-heading1003_3d1eb4-5c mark.kt-highlight, .wp-block-kadence-advancedheading.kt-adv-heading1003_3d1eb4-5c[data-kb-block=\"kb-adv-heading1003_3d1eb4-5c\"] mark.kt-highlight{font-style:normal;color:#f76a0c;-webkit-box-decoration-break:clone;box-decoration-break:clone;padding-top:0px;padding-right:0px;padding-bottom:0px;padding-left:0px;}.wp-block-kadence-advancedheading.kt-adv-heading1003_3d1eb4-5c img.kb-inline-image, .wp-block-kadence-advancedheading.kt-adv-heading1003_3d1eb4-5c[data-kb-block=\"kb-adv-heading1003_3d1eb4-5c\"] img.kb-inline-image{width:150px;vertical-align:baseline;}<\/style>\n<h2 class=\"kt-adv-heading1003_3d1eb4-5c wp-block-kadence-advancedheading\" data-kb-block=\"kb-adv-heading1003_3d1eb4-5c\">Kontaktieren Sie uns!<\/h2>\n<\/div><\/div>\n\n<\/div><\/div>\n\n<style>.kb-row-layout-id1003_7b4024-72 > .kt-row-column-wrap{align-content:start;}:where(.kb-row-layout-id1003_7b4024-72 > .kt-row-column-wrap) > .wp-block-kadence-column{justify-content:start;}.kb-row-layout-id1003_7b4024-72 > .kt-row-column-wrap{column-gap:var(--global-kb-gap-md, 2rem);row-gap:var(--global-kb-gap-md, 2rem);padding-top:var(--global-kb-spacing-sm, 1.5rem);padding-bottom:var(--global-kb-spacing-sm, 1.5rem);grid-template-columns:repeat(2, minmax(0, 1fr));}.kb-row-layout-id1003_7b4024-72 > .kt-row-layout-overlay{opacity:0.30;}@media all and (max-width: 1024px){.kb-row-layout-id1003_7b4024-72 > .kt-row-column-wrap{grid-template-columns:repeat(2, minmax(0, 1fr));}}@media all and (max-width: 767px){.kb-row-layout-id1003_7b4024-72 > .kt-row-column-wrap{grid-template-columns:minmax(0, 1fr);}}<\/style><div class=\"kb-row-layout-wrap kb-row-layout-id1003_7b4024-72 alignnone wp-block-kadence-rowlayout\"><div class=\"kt-row-column-wrap kt-has-2-columns kt-row-layout-equal kt-tab-layout-inherit kt-mobile-layout-row kt-row-valign-top\">\n<style>.kadence-column1003_f625d1-5d > .kt-inside-inner-col,.kadence-column1003_f625d1-5d > .kt-inside-inner-col:before{border-top-left-radius:0px;border-top-right-radius:0px;border-bottom-right-radius:0px;border-bottom-left-radius:0px;}.kadence-column1003_f625d1-5d > .kt-inside-inner-col{column-gap:var(--global-kb-gap-sm, 1rem);}.kadence-column1003_f625d1-5d > .kt-inside-inner-col{flex-direction:column;}.kadence-column1003_f625d1-5d > .kt-inside-inner-col > .aligncenter{width:100%;}.kadence-column1003_f625d1-5d > .kt-inside-inner-col:before{opacity:0.3;}.kadence-column1003_f625d1-5d{position:relative;}@media all and (max-width: 1024px){.kadence-column1003_f625d1-5d > .kt-inside-inner-col{flex-direction:column;justify-content:center;}}@media all and (max-width: 767px){.kadence-column1003_f625d1-5d > .kt-inside-inner-col{flex-direction:column;justify-content:center;}}<\/style>\n<div class=\"wp-block-kadence-column kadence-column1003_f625d1-5d\"><div class=\"kt-inside-inner-col\"><style>.wp-block-kadence-advancedheading.kt-adv-heading1003_ca40c9-18, .wp-block-kadence-advancedheading.kt-adv-heading1003_ca40c9-18[data-kb-block=\"kb-adv-heading1003_ca40c9-18\"]{text-align:left;font-style:normal;}.wp-block-kadence-advancedheading.kt-adv-heading1003_ca40c9-18 mark.kt-highlight, .wp-block-kadence-advancedheading.kt-adv-heading1003_ca40c9-18[data-kb-block=\"kb-adv-heading1003_ca40c9-18\"] mark.kt-highlight{font-style:normal;color:#f76a0c;-webkit-box-decoration-break:clone;box-decoration-break:clone;padding-top:0px;padding-right:0px;padding-bottom:0px;padding-left:0px;}.wp-block-kadence-advancedheading.kt-adv-heading1003_ca40c9-18 img.kb-inline-image, .wp-block-kadence-advancedheading.kt-adv-heading1003_ca40c9-18[data-kb-block=\"kb-adv-heading1003_ca40c9-18\"] img.kb-inline-image{width:150px;vertical-align:baseline;}@media all and (max-width: 1024px){.wp-block-kadence-advancedheading.kt-adv-heading1003_ca40c9-18, .wp-block-kadence-advancedheading.kt-adv-heading1003_ca40c9-18[data-kb-block=\"kb-adv-heading1003_ca40c9-18\"]{text-align:left!important;}}@media all and (max-width: 767px){.wp-block-kadence-advancedheading.kt-adv-heading1003_ca40c9-18, .wp-block-kadence-advancedheading.kt-adv-heading1003_ca40c9-18[data-kb-block=\"kb-adv-heading1003_ca40c9-18\"]{text-align:center!important;}}<\/style>\n<h3 class=\"kt-adv-heading1003_ca40c9-18 wp-block-kadence-advancedheading\" data-kb-block=\"kb-adv-heading1003_ca40c9-18\">Ben\u00f6tigen Sie Hilfe?<\/h3>\n\n\n\n<p>Wir werden uns umgehend bei Ihnen melden.<\/p>\n\n\n\n<p>Stra\u00dfburg &#8211; Frankreich<\/p>\n\n\n\n<p>achats@poussemousse.fr<\/p>\n\n\n\n<ul class=\"wp-block-social-links is-style-logos-only is-content-justification-center is-layout-flex wp-container-core-social-links-is-layout-a89b3969 wp-block-social-links-is-layout-flex\"><li class=\"wp-social-link wp-social-link-instagram  wp-block-social-link\"><a href=\"https:\/\/www.instagram.com\/pousse_mousse_france\/\" class=\"wp-block-social-link-anchor\" target=\"_blank\" rel=\"noopener\"><svg width=\"24\" height=\"24\" viewBox=\"0 0 24 24\" version=\"1.1\" xmlns=\"http:\/\/www.w3.org\/2000\/svg\" aria-hidden=\"true\" focusable=\"false\"><path d=\"M12,4.622c2.403,0,2.688,0.009,3.637,0.052c0.877,0.04,1.354,0.187,1.671,0.31c0.42,0.163,0.72,0.358,1.035,0.673 c0.315,0.315,0.51,0.615,0.673,1.035c0.123,0.317,0.27,0.794,0.31,1.671c0.043,0.949,0.052,1.234,0.052,3.637 s-0.009,2.688-0.052,3.637c-0.04,0.877-0.187,1.354-0.31,1.671c-0.163,0.42-0.358,0.72-0.673,1.035 c-0.315,0.315-0.615,0.51-1.035,0.673c-0.317,0.123-0.794,0.27-1.671,0.31c-0.949,0.043-1.233,0.052-3.637,0.052 s-2.688-0.009-3.637-0.052c-0.877-0.04-1.354-0.187-1.671-0.31c-0.42-0.163-0.72-0.358-1.035-0.673 c-0.315-0.315-0.51-0.615-0.673-1.035c-0.123-0.317-0.27-0.794-0.31-1.671C4.631,14.688,4.622,14.403,4.622,12 s0.009-2.688,0.052-3.637c0.04-0.877,0.187-1.354,0.31-1.671c0.163-0.42,0.358-0.72,0.673-1.035 c0.315-0.315,0.615-0.51,1.035-0.673c0.317-0.123,0.794-0.27,1.671-0.31C9.312,4.631,9.597,4.622,12,4.622 M12,3 C9.556,3,9.249,3.01,8.289,3.054C7.331,3.098,6.677,3.25,6.105,3.472C5.513,3.702,5.011,4.01,4.511,4.511 c-0.5,0.5-0.808,1.002-1.038,1.594C3.25,6.677,3.098,7.331,3.054,8.289C3.01,9.249,3,9.556,3,12c0,2.444,0.01,2.751,0.054,3.711 c0.044,0.958,0.196,1.612,0.418,2.185c0.23,0.592,0.538,1.094,1.038,1.594c0.5,0.5,1.002,0.808,1.594,1.038 c0.572,0.222,1.227,0.375,2.185,0.418C9.249,20.99,9.556,21,12,21s2.751-0.01,3.711-0.054c0.958-0.044,1.612-0.196,2.185-0.418 c0.592-0.23,1.094-0.538,1.594-1.038c0.5-0.5,0.808-1.002,1.038-1.594c0.222-0.572,0.375-1.227,0.418-2.185 C20.99,14.751,21,14.444,21,12s-0.01-2.751-0.054-3.711c-0.044-0.958-0.196-1.612-0.418-2.185c-0.23-0.592-0.538-1.094-1.038-1.594 c-0.5-0.5-1.002-0.808-1.594-1.038c-0.572-0.222-1.227-0.375-2.185-0.418C14.751,3.01,14.444,3,12,3L12,3z M12,7.378 c-2.552,0-4.622,2.069-4.622,4.622S9.448,16.622,12,16.622s4.622-2.069,4.622-4.622S14.552,7.378,12,7.378z M12,15 c-1.657,0-3-1.343-3-3s1.343-3,3-3s3,1.343,3,3S13.657,15,12,15z M16.804,6.116c-0.596,0-1.08,0.484-1.08,1.08 s0.484,1.08,1.08,1.08c0.596,0,1.08-0.484,1.08-1.08S17.401,6.116,16.804,6.116z\"><\/path><\/svg><span class=\"wp-block-social-link-label screen-reader-text\">Instagram<\/span><\/a><\/li>\n\n<li class=\"wp-social-link wp-social-link-facebook  wp-block-social-link\"><a href=\"https:\/\/www.facebook.com\/poussemousse.fr\/\" class=\"wp-block-social-link-anchor\"><svg width=\"24\" height=\"24\" viewBox=\"0 0 24 24\" version=\"1.1\" xmlns=\"http:\/\/www.w3.org\/2000\/svg\" aria-hidden=\"true\" focusable=\"false\"><path d=\"M12 2C6.5 2 2 6.5 2 12c0 5 3.7 9.1 8.4 9.9v-7H7.9V12h2.5V9.8c0-2.5 1.5-3.9 3.8-3.9 1.1 0 2.2.2 2.2.2v2.5h-1.3c-1.2 0-1.6.8-1.6 1.6V12h2.8l-.4 2.9h-2.3v7C18.3 21.1 22 17 22 12c0-5.5-4.5-10-10-10z\"><\/path><\/svg><span class=\"wp-block-social-link-label screen-reader-text\">Facebook<\/span><\/a><\/li>\n\n<li class=\"wp-social-link wp-social-link-mail  wp-block-social-link\"><a href=\"mailto:a&#099;ha&#116;s&#064;p&#111;&#117;&#115;se&#109;&#111;us&#115;e.&#102;&#114;\" class=\"wp-block-social-link-anchor\"><svg width=\"24\" height=\"24\" viewBox=\"0 0 24 24\" version=\"1.1\" xmlns=\"http:\/\/www.w3.org\/2000\/svg\" aria-hidden=\"true\" focusable=\"false\"><path d=\"M19,5H5c-1.1,0-2,.9-2,2v10c0,1.1.9,2,2,2h14c1.1,0,2-.9,2-2V7c0-1.1-.9-2-2-2zm.5,12c0,.3-.2.5-.5.5H5c-.3,0-.5-.2-.5-.5V9.8l7.5,5.6,7.5-5.6V17zm0-9.1L12,13.6,4.5,7.9V7c0-.3.2-.5.5-.5h14c.3,0,.5.2.5.5v.9z\"><\/path><\/svg><span class=\"wp-block-social-link-label screen-reader-text\">achats@poussemousse.fr<\/span><\/a><\/li><\/ul>\n<\/div><\/div>\n\n\n<style>.kadence-column1003_da0d8e-30 > .kt-inside-inner-col,.kadence-column1003_da0d8e-30 > .kt-inside-inner-col:before{border-top-left-radius:0px;border-top-right-radius:0px;border-bottom-right-radius:0px;border-bottom-left-radius:0px;}.kadence-column1003_da0d8e-30 > .kt-inside-inner-col{column-gap:var(--global-kb-gap-sm, 1rem);}.kadence-column1003_da0d8e-30 > .kt-inside-inner-col{flex-direction:column;}.kadence-column1003_da0d8e-30 > .kt-inside-inner-col > .aligncenter{width:100%;}.kadence-column1003_da0d8e-30 > .kt-inside-inner-col:before{opacity:0.3;}.kadence-column1003_da0d8e-30{position:relative;}@media all and (max-width: 1024px){.kadence-column1003_da0d8e-30 > .kt-inside-inner-col{flex-direction:column;justify-content:center;}}@media all and (max-width: 767px){.kadence-column1003_da0d8e-30 > .kt-inside-inner-col{flex-direction:column;justify-content:center;}}<\/style>\n<div class=\"wp-block-kadence-column kadence-column1003_da0d8e-30\"><div class=\"kt-inside-inner-col\"><style>.wp-block-kadence-advancedheading.kt-adv-heading1003_fea358-6b, .wp-block-kadence-advancedheading.kt-adv-heading1003_fea358-6b[data-kb-block=\"kb-adv-heading1003_fea358-6b\"]{text-align:right;font-style:normal;}.wp-block-kadence-advancedheading.kt-adv-heading1003_fea358-6b mark.kt-highlight, .wp-block-kadence-advancedheading.kt-adv-heading1003_fea358-6b[data-kb-block=\"kb-adv-heading1003_fea358-6b\"] mark.kt-highlight{font-style:normal;color:#f76a0c;-webkit-box-decoration-break:clone;box-decoration-break:clone;padding-top:0px;padding-right:0px;padding-bottom:0px;padding-left:0px;}.wp-block-kadence-advancedheading.kt-adv-heading1003_fea358-6b img.kb-inline-image, .wp-block-kadence-advancedheading.kt-adv-heading1003_fea358-6b[data-kb-block=\"kb-adv-heading1003_fea358-6b\"] img.kb-inline-image{width:150px;vertical-align:baseline;}@media all and (max-width: 767px){.wp-block-kadence-advancedheading.kt-adv-heading1003_fea358-6b, .wp-block-kadence-advancedheading.kt-adv-heading1003_fea358-6b[data-kb-block=\"kb-adv-heading1003_fea358-6b\"]{text-align:center!important;}}<\/style>\n<h3 class=\"kt-adv-heading1003_fea358-6b wp-block-kadence-advancedheading\" data-kb-block=\"kb-adv-heading1003_fea358-6b\">Haben Sie eine Frage oder ben\u00f6tigen Sie ein Angebot?<\/h3>\n\n\n<style>.kadence-form-95_b51b24-d5 .kb-form .kadence-blocks-form-field .kb-text-style-field, .kadence-form-95_b51b24-d5 .kb-form .kadence-blocks-form-field .kb-select-style-field{background:rgba(139, 0, 0, 0.05);}.kadence-form-95_b51b24-d5 .kb-form .kadence-blocks-form-field .kb-forms-submit{color:var(--theme-palette-color-4, #FCFCFC);border-radius:20px;border-width:2px 2px 2px 2px;background:var(--theme-palette-color-1, #8B0000);border-color:var(--theme-palette-color-1, #8B0000);}.kadence-form-95_b51b24-d5 .kb-form .kadence-blocks-form-field .kb-forms-submit:hover, .kadence-form-95_b51b24-d5 .kb-form .kadence-blocks-form-field .kb-forms-submit:focus {color:var(--theme-palette-color-1, #8B0000);border-color:var(--theme-palette-color-1, #8B0000);background:var(--theme-palette-color-4, #FCFCFC);}.kb-form input.kadence-blocks-field.verify{opacity:0.0;position:absolute;top:0.0;left:0.0;width:0.0;height:0.0;z-index:-1;}<\/style>\n<div class=\"wp-block-kadence-form kadence-form-95_b51b24-d5 kb-form-wrap\"><form class=\"kb-form\" action=\"\" method=\"post\"><div class=\"kadence-blocks-form-field kb-field-desk-width-100 kb-input-size-standard\"><label for=\"kb_field_95_b51b24-d5_0\">Name<\/label><input name=\"kb_field_0\" id=\"kb_field_95_b51b24-d5_0\" data-label=\"Name\" type=\"text\" placeholder=\"\" value=\"\" data-type=\"text\" class=\"kb-field kb-text-style-field kb-text-field kb-field-0\"\/><\/div><div class=\"kadence-blocks-form-field kb-form-field-1 kb-field-desk-width-100 kb-input-size-standard\"><label for=\"kb_field_95_b51b24-d5_1\">E-Mail<span class=\"required\">*<\/span><\/label><input name=\"kb_field_1\" id=\"kb_field_95_b51b24-d5_1\" data-label=\"E-Mail\" type=\"email\" placeholder=\"\" value=\"\" data-type=\"email\" class=\"kb-field kb-text-style-field kb-email-field kb-field-1\" data-required=\"yes\"\/><\/div><div class=\"kadence-blocks-form-field kb-form-field-2 kb-field-desk-width-100 kb-input-size-standard\"><label for=\"kb_field_95_b51b24-d5_2\">Nachricht<span class=\"required\">*<\/span><\/label><textarea name=\"kb_field_2\" id=\"kb_field_95_b51b24-d5_2\" data-label=\"Nachricht\" type=\"textarea\" placeholder=\"\" data-type=\"textarea\" class=\"kb-field kb-text-style-field kb-textarea-field kb-field-2\" rows=\"4\" data-required=\"yes\"><\/textarea><\/div><input type=\"hidden\" name=\"_kb_form_id\" value=\"95_b51b24-d5\"\/><input type=\"hidden\" name=\"_kb_form_post_id\" value=\"1003\"\/><input type=\"hidden\" name=\"action\" value=\"kb_process_ajax_submit\"\/><label class=\"kadence-verify-label\">Email<input class=\"kadence-blocks-field verify\" type=\"text\" name=\"_kb_verify_email\" autocomplete=\"new-password\" aria-hidden=\"true\" placeholder=\"Email\" tabindex=\"-1\" data-1p-ignore=\"true\" data-lpignore=\"true\" \/><\/label><div class=\"kadence-blocks-form-field kb-submit-field kb-field-desk-width-100\"><button class=\"kb-forms-submit button kb-button-size-standard kb-button-width-auto\">Senden<\/button><\/div><\/form><\/div>\n<noscript><div class=\"kadence-blocks-form-message kadence-blocks-form-warning\">Bitte aktiviere JavaScript in deinem Browser, um dieses Formular fertigzustellen.<\/div><style>.kadence-form-95_b51b24-d5 .kadence-blocks-form-field.kb-submit-field { display: none; }<\/style><\/noscript><\/div><\/div>\n\n<\/div><\/div>","protected":false},"excerpt":{"rendered":"<p>Die Pousse Mousse-Technologie Kontaktieren Sie uns! Ben\u00f6tigen Sie Hilfe? Wir werden uns umgehend bei Ihnen melden. Stra\u00dfburg &#8211; Frankreich achats@poussemousse.fr Haben Sie eine Frage oder ben\u00f6tigen Sie ein Angebot?<\/p>\n","protected":false},"author":1,"featured_media":0,"parent":0,"menu_order":0,"comment_status":"closed","ping_status":"closed","template":"","meta":{"footnotes":""},"class_list":["post-1003","page","type-page","status-publish","hentry"],"blocksy_meta":{"has_hero_section":"disabled","styles_descriptor":{"styles":{"desktop":"","tablet":"","mobile":""},"google_fonts":[],"version":6}},"_links":{"self":[{"href":"https:\/\/poussemousse.fr\/de\/wp-json\/wp\/v2\/pages\/1003","targetHints":{"allow":["GET"]}}],"collection":[{"href":"https:\/\/poussemousse.fr\/de\/wp-json\/wp\/v2\/pages"}],"about":[{"href":"https:\/\/poussemousse.fr\/de\/wp-json\/wp\/v2\/types\/page"}],"author":[{"embeddable":true,"href":"https:\/\/poussemousse.fr\/de\/wp-json\/wp\/v2\/users\/1"}],"replies":[{"embeddable":true,"href":"https:\/\/poussemousse.fr\/de\/wp-json\/wp\/v2\/comments?post=1003"}],"version-history":[{"count":4,"href":"https:\/\/poussemousse.fr\/de\/wp-json\/wp\/v2\/pages\/1003\/revisions"}],"predecessor-version":[{"id":1015,"href":"https:\/\/poussemousse.fr\/de\/wp-json\/wp\/v2\/pages\/1003\/revisions\/1015"}],"wp:attachment":[{"href":"https:\/\/poussemousse.fr\/de\/wp-json\/wp\/v2\/media?parent=1003"}],"curies":[{"name":"wp","href":"https:\/\/api.w.org\/{rel}","templated":true}]}}